{"id":5,"date":"2023-07-18T12:28:29","date_gmt":"2023-07-18T12:28:29","guid":{"rendered":"https:\/\/laboratoriosdelente.com.ar\/wp2\/?page_id=5"},"modified":"2023-09-12T14:35:57","modified_gmt":"2023-09-12T14:35:57","slug":"mesmerize","status":"publish","type":"page","link":"https:\/\/laboratoriosdelente.com.ar\/wp2\/","title":{"rendered":"Inicio"},"content":{"rendered":"<div  id=\"features-10\" style=\"background-color: #ffffff;\" data-label=\"Features\" data-id=\"features-16-card-bordered\" data-export-id=\"features-16-card-bordered\" data-category=\"features\" class=\"features-16-card-bordered content-section content-section-spacing\"><div  class=\"gridContainer\"> <div  class=\"row text-center\"><div  class=\"section-title-col\" data-type=\"column\"> <h2  class=\"\">Nuestras l\u00edneas de productos&nbsp;<\/h2> <p  class=\"lead\"> Estamos presentes en los sectores m\u00e1s exigentes, garantizando resultados \u00f3ptimos. Conozca nuestro compromiso con la calidad y la eficiencia. \n<br >\u00a1Conf\u00ede en nosotros para elevar su producci\u00f3n a nuevos niveles!<\/p><\/div> <\/div> <div  class=\"row spaced-cols\" data-type=\"row\"> <div  class=\"col-xs-12 col-sm-6 col-md-4\"> <div  class=\"card no-padding bordered y-move\"> <img  decoding=\"async\" class=\"face\" src=\"https:\/\/laboratoriosdelente.com.ar\/wp2\/wp-content\/uploads\/2023\/07\/cropped-ecologica-1.jpg\" title=\"ecologica\" alt=\"\"> <div  data-type=\"column\" class=\"col-padding-small col-padding-small-xs description-container\"> <h4  class=\"font-500\">LINEA ECOL\u00d3GICA<\/h4> <p  class=\"\">Cuidar la naturaleza mientras proteges tu hogar es posible. Nuestra l\u00ednea ecol\u00f3gica es, una opci\u00f3n segura y efectiva para un ambiente libre de plagas.<\/p><\/div> <div  data-type=\"column\" class=\"col-padding-small col-padding-small-xs read-more-container\"><a class=\"read-more\" href=\"https:\/\/laboratoriosdelente.com.ar\/wp2\/category\/linea-ecologica\" target=\"_self\" data-cp-link=\"1\" rel=\"noopener\">Ver m\u00e1s\u2026<\/a><\/div> <\/div><\/div> <div  class=\"col-xs-12 col-sm-6 col-md-4\"><div  class=\"card no-padding bordered y-move\"> <img  decoding=\"async\" class=\"face\" src=\"https:\/\/laboratoriosdelente.com.ar\/wp2\/wp-content\/uploads\/2023\/07\/cropped-agroquimicos.jpg\" title=\"cropped-agroquimicos.jpg\" alt=\"agroquimicos\"> <div  data-type=\"column\" class=\"col-padding-small col-padding-small-xs description-container\"> <h4  class=\"font-500\">L\u00cdNEA AGROQU\u00cdMICOS<\/h4> <p  class=\"\">La soluci\u00f3n para un campo pr\u00f3spero. Nuestra l\u00ednea de agroqu\u00edmicos lo ver\u00e1 cultivando con confianza cada a\u00f1o, en busca de un mayor rinde.<\/p><\/div> <div  data-type=\"column\" class=\"col-padding-small col-padding-small-xs read-more-container\"><a class=\"read-more\" href=\"https:\/\/laboratoriosdelente.com.ar\/wp2\/category\/linea-agroquimicos\" target=\"_self\" data-cp-link=\"1\" rel=\"noopener\">Ver m\u00e1s\u2026<\/a><\/div> <\/div><\/div> <div  class=\"col-xs-12 col-sm-6 col-md-4\"><div  class=\"card no-padding bordered y-move\"> <img  decoding=\"async\" class=\"face\" src=\"https:\/\/laboratoriosdelente.com.ar\/wp2\/wp-content\/uploads\/2023\/07\/cropped-jardin.jpg\" title=\"cropped-jardin.jpg\" alt=\"\"> <div  data-type=\"column\" class=\"col-padding-small col-padding-small-xs description-container\"> <h4  class=\"font-500\">L\u00cdNEA JARDIN<\/h4> <p  class=\"\">Es posible un mundo de jardines protegidos y florecientes. Nuestra l\u00ednea de productos para control de plagas libera de intrusos no deseados.<\/p><\/div> <div  data-type=\"column\" class=\"col-padding-small col-padding-small-xs read-more-container\"><a class=\"read-more\" href=\"https:\/\/laboratoriosdelente.com.ar\/wp2\/category\/linea-jardin\" target=\"_self\" data-cp-link=\"1\" rel=\"noopener\">Ver m\u00e1s\u2026<\/a><\/div> <\/div><\/div> <\/div><\/div> <\/div><div  id=\"content-13\" style=\"background-color: #f5fafd;\" data-label=\"Content\" data-id=\"content-2\" data-export-id=\"content-2\" data-category=\"content\" class=\"content-2 content-section content-section-spacing\"><div > <div  class=\"row middle-xs\"><div  class=\"col-sm-5 bg-image shadow-large-black\" data-bg=\"image\" style=\"background-image: url(&quot;https:\/\/laboratoriosdelente.com.ar\/wp2\/wp-content\/uploads\/2023\/07\/grupal.jpg&quot;);\"><\/div> <div  class=\"col-sm-7 full-col-left-padding full-col-right-padding\"> <div  class=\"row\"> <div  data-type=\"column\" class=\"space-bottom-small content-title-col\">  <h2  class=\"\">La opci\u00f3n inteligente<\/h2> <p  class=\"\">Como especialistas en soluciones efectivas contra insectos da\u00f1inos, fertilizantes que nutren sus cosechas y productos para un jard\u00edn sano, conf\u00ede en nuestros productos su cosecha.<\/p><\/div> <\/div> <div  class=\"row spaced-cols \" data-type=\"row\"> <div  class=\"col-xs-6\" data-type=\"column\"> <h5  class=\"\">CONTROL DE PLAGAS<\/h5> <p  class=\"\">Lorem ipsum dolor sit amet, consectetur adipisicing elit.<\/p><\/div> <div  class=\"col-xs-6\" data-type=\"column\"><h5  class=\"\">L\u00cdNEA ECOL\u00d3GICA<\/h5> <p  class=\"\">Lorem ipsum dolor sit amet, consectetur adipisicing elit.<\/p><\/div> <div  class=\"col-xs-6\" data-type=\"column\"><h5  class=\"\">CUIDADO DEL JARD\u00cdN<\/h5> <p  class=\"\">Lorem ipsum dolor sit amet, consectetur adipisicing elit.<\/p><\/div> <div  class=\"col-xs-6\" data-type=\"column\"><h5  class=\"\">CALIDAD GARANTIZADA<\/h5> <p  class=\"\">Lorem ipsum dolor sit amet, consectetur adipisicing elit.<\/p><\/div> <\/div><\/div> <\/div><\/div> <\/div>","protected":false},"excerpt":{"rendered":"<p>Nuestras l\u00edneas de productos&nbsp; Estamos presentes en los sectores m\u00e1s exigentes, garantizando resultados \u00f3ptimos. Conozca nuestro compromiso con la calidad y la eficiencia. \u00a1Conf\u00ede en nosotros para elevar su producci\u00f3n a nuevos niveles! LINEA ECOL\u00d3GICA Cuidar la naturaleza mientras proteges tu hogar es posible. Nuestra l\u00ednea ecol\u00f3gica es, una opci\u00f3n segura y efectiva para un&hellip; <br \/> <a class=\"read-more\" href=\"https:\/\/laboratoriosdelente.com.ar\/wp2\/\">Leer m\u00e1s<\/a><\/p>\n","protected":false},"author":1,"featured_media":0,"parent":0,"menu_order":0,"comment_status":"closed","ping_status":"closed","template":"page-templates\/homepage.php","meta":{"footnotes":""},"class_list":["post-5","page","type-page","status-publish","hentry"],"yoast_head":"<!-- This site is optimized with the Yoast SEO plugin v27.6 - https:\/\/yoast.com\/product\/yoast-seo-wordpress\/ -->\n<title>Inicio - Delente<\/title>\n<meta name=\"description\" content=\"Delente, produce productos para el control de plagas en el agro o en el hogar. Conozca la l\u00ednea de agroqu\u00edmicos, ecol\u00f3gica y de jard\u00edn.\" \/>\n<meta name=\"robots\" content=\"index, follow, max-snippet:-1, max-image-preview:large, max-video-preview:-1\" \/>\n<link rel=\"canonical\" href=\"https:\/\/laboratoriosdelente.com.ar\/wp2\/\" \/>\n<meta property=\"og:locale\" content=\"es_ES\" \/>\n<meta property=\"og:type\" content=\"article\" \/>\n<meta property=\"og:title\" content=\"Inicio - Delente\" \/>\n<meta property=\"og:description\" content=\"Delente, produce productos para el control de plagas en el agro o en el hogar. Conozca la l\u00ednea de agroqu\u00edmicos, ecol\u00f3gica y de jard\u00edn.\" \/>\n<meta property=\"og:url\" content=\"https:\/\/laboratoriosdelente.com.ar\/wp2\/\" \/>\n<meta property=\"og:site_name\" content=\"Delente\" \/>\n<meta property=\"article:modified_time\" content=\"2023-09-12T14:35:57+00:00\" \/>\n<meta property=\"og:image\" content=\"https:\/\/laboratoriosdelente.com.ar\/wp2\/wp-content\/uploads\/2023\/07\/cropped-ecologica-1.jpg\" \/>\n<meta name=\"twitter:card\" content=\"summary_large_image\" \/>\n<meta name=\"twitter:label1\" content=\"Tiempo de lectura\" \/>\n\t<meta name=\"twitter:data1\" content=\"2 minutos\" \/>\n<script type=\"application\/ld+json\" class=\"yoast-schema-graph\">{\"@context\":\"https:\\\/\\\/schema.org\",\"@graph\":[{\"@type\":\"WebPage\",\"@id\":\"https:\\\/\\\/laboratoriosdelente.com.ar\\\/wp2\\\/\",\"url\":\"https:\\\/\\\/laboratoriosdelente.com.ar\\\/wp2\\\/\",\"name\":\"Inicio - Delente\",\"isPartOf\":{\"@id\":\"https:\\\/\\\/laboratoriosdelente.com.ar\\\/wp2\\\/#website\"},\"primaryImageOfPage\":{\"@id\":\"https:\\\/\\\/laboratoriosdelente.com.ar\\\/wp2\\\/#primaryimage\"},\"image\":{\"@id\":\"https:\\\/\\\/laboratoriosdelente.com.ar\\\/wp2\\\/#primaryimage\"},\"thumbnailUrl\":\"https:\\\/\\\/laboratoriosdelente.com.ar\\\/wp2\\\/wp-content\\\/uploads\\\/2023\\\/07\\\/cropped-ecologica-1.jpg\",\"datePublished\":\"2023-07-18T12:28:29+00:00\",\"dateModified\":\"2023-09-12T14:35:57+00:00\",\"description\":\"Delente, produce productos para el control de plagas en el agro o en el hogar. Conozca la l\u00ednea de agroqu\u00edmicos, ecol\u00f3gica y de jard\u00edn.\",\"breadcrumb\":{\"@id\":\"https:\\\/\\\/laboratoriosdelente.com.ar\\\/wp2\\\/#breadcrumb\"},\"inLanguage\":\"es\",\"potentialAction\":[{\"@type\":\"ReadAction\",\"target\":[\"https:\\\/\\\/laboratoriosdelente.com.ar\\\/wp2\\\/\"]}]},{\"@type\":\"ImageObject\",\"inLanguage\":\"es\",\"@id\":\"https:\\\/\\\/laboratoriosdelente.com.ar\\\/wp2\\\/#primaryimage\",\"url\":\"https:\\\/\\\/laboratoriosdelente.com.ar\\\/wp2\\\/wp-content\\\/uploads\\\/2023\\\/07\\\/cropped-ecologica-1.jpg\",\"contentUrl\":\"https:\\\/\\\/laboratoriosdelente.com.ar\\\/wp2\\\/wp-content\\\/uploads\\\/2023\\\/07\\\/cropped-ecologica-1.jpg\",\"width\":600,\"height\":400},{\"@type\":\"BreadcrumbList\",\"@id\":\"https:\\\/\\\/laboratoriosdelente.com.ar\\\/wp2\\\/#breadcrumb\",\"itemListElement\":[{\"@type\":\"ListItem\",\"position\":1,\"name\":\"Portada\",\"item\":\"https:\\\/\\\/laboratoriosdelente.com.ar\\\/wp2\\\/\"},{\"@type\":\"ListItem\",\"position\":2,\"name\":\"Inicio\"}]},{\"@type\":\"WebSite\",\"@id\":\"https:\\\/\\\/laboratoriosdelente.com.ar\\\/wp2\\\/#website\",\"url\":\"https:\\\/\\\/laboratoriosdelente.com.ar\\\/wp2\\\/\",\"name\":\"Delente\",\"description\":\"\",\"publisher\":{\"@id\":\"https:\\\/\\\/laboratoriosdelente.com.ar\\\/wp2\\\/#organization\"},\"potentialAction\":[{\"@type\":\"SearchAction\",\"target\":{\"@type\":\"EntryPoint\",\"urlTemplate\":\"https:\\\/\\\/laboratoriosdelente.com.ar\\\/wp2\\\/?s={search_term_string}\"},\"query-input\":{\"@type\":\"PropertyValueSpecification\",\"valueRequired\":true,\"valueName\":\"search_term_string\"}}],\"inLanguage\":\"es\"},{\"@type\":\"Organization\",\"@id\":\"https:\\\/\\\/laboratoriosdelente.com.ar\\\/wp2\\\/#organization\",\"name\":\"Delente\",\"url\":\"https:\\\/\\\/laboratoriosdelente.com.ar\\\/wp2\\\/\",\"logo\":{\"@type\":\"ImageObject\",\"inLanguage\":\"es\",\"@id\":\"https:\\\/\\\/laboratoriosdelente.com.ar\\\/wp2\\\/#\\\/schema\\\/logo\\\/image\\\/\",\"url\":\"https:\\\/\\\/laboratoriosdelente.com.ar\\\/wp2\\\/wp-content\\\/uploads\\\/2023\\\/09\\\/logo-ULTIMO-delente.png\",\"contentUrl\":\"https:\\\/\\\/laboratoriosdelente.com.ar\\\/wp2\\\/wp-content\\\/uploads\\\/2023\\\/09\\\/logo-ULTIMO-delente.png\",\"width\":317,\"height\":94,\"caption\":\"Delente\"},\"image\":{\"@id\":\"https:\\\/\\\/laboratoriosdelente.com.ar\\\/wp2\\\/#\\\/schema\\\/logo\\\/image\\\/\"}}]}<\/script>\n<!-- \/ Yoast SEO plugin. -->","yoast_head_json":{"title":"Inicio - Delente","description":"Delente, produce productos para el control de plagas en el agro o en el hogar. Conozca la l\u00ednea de agroqu\u00edmicos, ecol\u00f3gica y de jard\u00edn.","robots":{"index":"index","follow":"follow","max-snippet":"max-snippet:-1","max-image-preview":"max-image-preview:large","max-video-preview":"max-video-preview:-1"},"canonical":"https:\/\/laboratoriosdelente.com.ar\/wp2\/","og_locale":"es_ES","og_type":"article","og_title":"Inicio - Delente","og_description":"Delente, produce productos para el control de plagas en el agro o en el hogar. Conozca la l\u00ednea de agroqu\u00edmicos, ecol\u00f3gica y de jard\u00edn.","og_url":"https:\/\/laboratoriosdelente.com.ar\/wp2\/","og_site_name":"Delente","article_modified_time":"2023-09-12T14:35:57+00:00","og_image":[{"url":"https:\/\/laboratoriosdelente.com.ar\/wp2\/wp-content\/uploads\/2023\/07\/cropped-ecologica-1.jpg","type":"","width":"","height":""}],"twitter_card":"summary_large_image","twitter_misc":{"Tiempo de lectura":"2 minutos"},"schema":{"@context":"https:\/\/schema.org","@graph":[{"@type":"WebPage","@id":"https:\/\/laboratoriosdelente.com.ar\/wp2\/","url":"https:\/\/laboratoriosdelente.com.ar\/wp2\/","name":"Inicio - Delente","isPartOf":{"@id":"https:\/\/laboratoriosdelente.com.ar\/wp2\/#website"},"primaryImageOfPage":{"@id":"https:\/\/laboratoriosdelente.com.ar\/wp2\/#primaryimage"},"image":{"@id":"https:\/\/laboratoriosdelente.com.ar\/wp2\/#primaryimage"},"thumbnailUrl":"https:\/\/laboratoriosdelente.com.ar\/wp2\/wp-content\/uploads\/2023\/07\/cropped-ecologica-1.jpg","datePublished":"2023-07-18T12:28:29+00:00","dateModified":"2023-09-12T14:35:57+00:00","description":"Delente, produce productos para el control de plagas en el agro o en el hogar. Conozca la l\u00ednea de agroqu\u00edmicos, ecol\u00f3gica y de jard\u00edn.","breadcrumb":{"@id":"https:\/\/laboratoriosdelente.com.ar\/wp2\/#breadcrumb"},"inLanguage":"es","potentialAction":[{"@type":"ReadAction","target":["https:\/\/laboratoriosdelente.com.ar\/wp2\/"]}]},{"@type":"ImageObject","inLanguage":"es","@id":"https:\/\/laboratoriosdelente.com.ar\/wp2\/#primaryimage","url":"https:\/\/laboratoriosdelente.com.ar\/wp2\/wp-content\/uploads\/2023\/07\/cropped-ecologica-1.jpg","contentUrl":"https:\/\/laboratoriosdelente.com.ar\/wp2\/wp-content\/uploads\/2023\/07\/cropped-ecologica-1.jpg","width":600,"height":400},{"@type":"BreadcrumbList","@id":"https:\/\/laboratoriosdelente.com.ar\/wp2\/#breadcrumb","itemListElement":[{"@type":"ListItem","position":1,"name":"Portada","item":"https:\/\/laboratoriosdelente.com.ar\/wp2\/"},{"@type":"ListItem","position":2,"name":"Inicio"}]},{"@type":"WebSite","@id":"https:\/\/laboratoriosdelente.com.ar\/wp2\/#website","url":"https:\/\/laboratoriosdelente.com.ar\/wp2\/","name":"Delente","description":"","publisher":{"@id":"https:\/\/laboratoriosdelente.com.ar\/wp2\/#organization"},"potentialAction":[{"@type":"SearchAction","target":{"@type":"EntryPoint","urlTemplate":"https:\/\/laboratoriosdelente.com.ar\/wp2\/?s={search_term_string}"},"query-input":{"@type":"PropertyValueSpecification","valueRequired":true,"valueName":"search_term_string"}}],"inLanguage":"es"},{"@type":"Organization","@id":"https:\/\/laboratoriosdelente.com.ar\/wp2\/#organization","name":"Delente","url":"https:\/\/laboratoriosdelente.com.ar\/wp2\/","logo":{"@type":"ImageObject","inLanguage":"es","@id":"https:\/\/laboratoriosdelente.com.ar\/wp2\/#\/schema\/logo\/image\/","url":"https:\/\/laboratoriosdelente.com.ar\/wp2\/wp-content\/uploads\/2023\/09\/logo-ULTIMO-delente.png","contentUrl":"https:\/\/laboratoriosdelente.com.ar\/wp2\/wp-content\/uploads\/2023\/09\/logo-ULTIMO-delente.png","width":317,"height":94,"caption":"Delente"},"image":{"@id":"https:\/\/laboratoriosdelente.com.ar\/wp2\/#\/schema\/logo\/image\/"}}]}},"_links":{"self":[{"href":"https:\/\/laboratoriosdelente.com.ar\/wp2\/wp-json\/wp\/v2\/pages\/5","targetHints":{"allow":["GET"]}}],"collection":[{"href":"https:\/\/laboratoriosdelente.com.ar\/wp2\/wp-json\/wp\/v2\/pages"}],"about":[{"href":"https:\/\/laboratoriosdelente.com.ar\/wp2\/wp-json\/wp\/v2\/types\/page"}],"author":[{"embeddable":true,"href":"https:\/\/laboratoriosdelente.com.ar\/wp2\/wp-json\/wp\/v2\/users\/1"}],"replies":[{"embeddable":true,"href":"https:\/\/laboratoriosdelente.com.ar\/wp2\/wp-json\/wp\/v2\/comments?post=5"}],"version-history":[{"count":7,"href":"https:\/\/laboratoriosdelente.com.ar\/wp2\/wp-json\/wp\/v2\/pages\/5\/revisions"}],"predecessor-version":[{"id":194,"href":"https:\/\/laboratoriosdelente.com.ar\/wp2\/wp-json\/wp\/v2\/pages\/5\/revisions\/194"}],"wp:attachment":[{"href":"https:\/\/laboratoriosdelente.com.ar\/wp2\/wp-json\/wp\/v2\/media?parent=5"}],"curies":[{"name":"wp","href":"https:\/\/api.w.org\/{rel}","templated":true}]}}